{"id":56,"date":"2025-07-01T11:56:53","date_gmt":"2025-07-01T09:56:53","guid":{"rendered":"https:\/\/feliubellapart.com\/?page_id=56"},"modified":"2025-12-15T11:34:03","modified_gmt":"2025-12-15T10:34:03","slug":"datenschutzerklaerung","status":"publish","type":"page","link":"https:\/\/feliubellapart.com\/de\/datenschutzerklaerung\/","title":{"rendered":"Datenschutzerkl\u00e4rung"},"content":{"rendered":"<div class=\"wpb-content-wrapper\"><p>[vc_row full_width=&#8220;stretch_row_content&#8220; content_placement=&#8220;top&#8220; css=&#8220;.vc_custom_1755864331034{margin-top: 0px !important;margin-bottom: 0px !important;padding-top: 0px !important;padding-bottom: 0px !important;}&#8220; el_id=&#8220;header&#8220;][vc_column width=&#8220;1\/12&#8243; offset=&#8220;vc_col-xs-12&#8243;][\/vc_column][vc_column width=&#8220;1\/6&#8243; el_sticky=&#8220;1&#8243; flexbox_enabled=&#8220;&#8220; offset=&#8220;vc_col-xs-12&#8243; css=&#8220;.vc_custom_1755864447386{margin-top: 0px !important;padding-top: 0px !important;}&#8220; el_sticky_offset=&#8220;60&#8243;][vc_raw_html css=&#8220;.vc_custom_1759835573830{margin-top: -10px !important;padding-top: 0px !important;}&#8220; el_id=&#8220;header&#8220;]JTNDdWwlMjBpZCUzRCUyMmhlYWRlciUyMiUyMGNsYXNzJTNEJTIyc3R5bGVkJTIyJTNFJTBBJTIwJTIwJTIwJTIwJTNDbGklMjBpZCUzRCUyMm1lbnUtaXRlbS0xMTMlMjIlMjBjbGFzcyUzRCUyMm1lbnUtaXRlbSUyMG1lbnUtaXRlbS10eXBlLXBvc3RfdHlwZSUyMG1lbnUtaXRlbS1vYmplY3QtcGFnZSUyMG1lbnUtaXRlbS0xMTMlMjBtZWdhbWVudS10ZW1wbGF0ZS1lbmFibGUlMjIlMjBkYXRhLXRlbXBsYXRlJTNEJTIyJTIyJTNFJTBBJTIwJTIwJTIwJTIwJTIwJTIwJTIwJTIwJTNDYSUyMGhyZWYlM0QlMjJodHRwcyUzQSUyRiUyRmZlbGl1YmVsbGFwYXJ0LmNvbSUyRmluaWNpbyUyRiUyMiUyMHRpdGxlJTNEJTIyRmVsaXUlMjBCZWxsYXBhcnQlMkMlMjBBYm9nYWRvcyUyMGVuJTIwTWFsbG9yY2ElMjIlMjAlMjBjbGFzcyUzRCUyMiUyMCUyMiUzRUluaWNpbyUzQyUyRmElM0UlMEElMjAlMjAlMjAlMjAlM0MlMkZsaSUzRSUwQSUyMCUyMCUyMCUyMCUzQ2xpJTIwaWQlM0QlMjJtZW51LWl0ZW0tMTE2JTIyJTIwY2xhc3MlM0QlMjJtZW51LWl0ZW0lMjBtZW51LWl0ZW0tdHlwZS1wb3N0X3R5cGUlMjBtZW51LWl0ZW0tb2JqZWN0LXBhZ2UlMjBtZW51LWl0ZW0tMTE2JTIyJTNFJTBBJTIwJTIwJTIwJTIwJTIwJTIwJTIwJTIwJTNDYSUyMGhyZWYlM0QlMjJodHRwcyUzQSUyRiUyRmZlbGl1YmVsbGFwYXJ0LmNvbSUyRm5vc290cm9zJTJGJTIyJTIwdGl0bGUlM0QlMjJFcXVpcG8lMjBkZSUyMEZlbGl1JTIwQmVsbGFwYXJ0JTIyJTIwJTIwY2xhc3MlM0QlMjIlMjAlMjIlM0VOb3NvdHJvcyUzQyUyRmElM0UlMEElMjAlMjAlMjAlMjAlM0MlMkZsaSUzRSUwQSUyMCUyMCUyMCUyMCUzQ2xpJTIwY2xhc3MlM0QlMjJtZW51LWl0ZW0lMjBtZW51LWl0ZW0tdHlwZS1wb3N0X3R5cGUlMjBtZW51LWl0ZW0tb2JqZWN0LXBhZ2UlMjBjdXJyZW50LW1lbnUtaXRlbSUyMHBhZ2VfaXRlbSUyMHBhZ2UtaXRlbS0xMDAlMjBjdXJyZW50X3BhZ2VfaXRlbSUyMG1lbnUtaXRlbS0xMTclMjIlM0UlMEElMjAlMjAlMjAlMjAlMjAlMjAlMjAlMjAlM0NhJTIwaHJlZiUzRCUyMmh0dHBzJTNBJTJGJTJGZmVsaXViZWxsYXBhcnQuY29tJTJGYXJlYXMtZGUtcHJhY3RpY2ElMkYlMjIlMjB0aXRsZSUzRCUyMiVDMyU4MXJlYXMlMjBkZSUyMHByJUMzJUExY3RpY2ElMjBkZSUyMEZlbGl1JTIwQmVsbGFwYXJ0JTIyJTIwY2xhc3MlM0QlMjIlMjAlMjIlM0UlQzMlODFyZWFzJTIwZGUlMjBQciVDMyVBMWN0aWNhJTNDJTJGYSUzRSUwQSUyMCUyMCUyMCUyMCUzQyUyRmxpJTNFJTBBJTIwJTIwJTIwJTIwJTNDbGklMjBpZCUzRCUyMm1lbnUtaXRlbS0xMTUlMjIlMjBjbGFzcyUzRCUyMm1lbnUtaXRlbSUyMG1lbnUtaXRlbS10eXBlLXBvc3RfdHlwZSUyMG1lbnUtaXRlbS1vYmplY3QtcGFnZSUyMG1lbnUtaXRlbS0xMTUlMjIlM0UlMEElMjAlMjAlMjAlMjAlMjAlMjAlMjAlMjAlM0NhJTIwaHJlZiUzRCUyMmh0dHBzJTNBJTJGJTJGZmVsaXViZWxsYXBhcnQuY29tJTJGc2VydmljaW9zLWJvdXRpcXVlLWxlZ2FsJTJGJTIyJTIwdGl0bGUlM0QlMjJTZXJ2aWNpb3MlMjBCb3V0aXF1ZSUyMGRlJTIwRmVsaXUlMjBCZWxsYXBhcnQlMjIlMjBjbGFzcyUzRCUyMiUyMCUyMiUzRVNlcnZpY2lvcyUyMEJvdXRpcXVlJTNDJTJGYSUzRSUwQSUyMCUyMCUyMCUyMCUzQyUyRmxpJTNFJTBBJTIwJTIwJTIwJTIwJTNDbGklMjBpZCUzRCUyMm1lbnUtaXRlbS0xMTQlMjIlMjBjbGFzcyUzRCUyMm1lbnUtaXRlbSUyMG1lbnUtaXRlbS10eXBlLXBvc3RfdHlwZSUyMG1lbnUtaXRlbS1vYmplY3QtcGFnZSUyMG1lbnUtaXRlbS0xMTQlMjIlM0UlMEElMjAlMjAlMjAlMjAlMjAlMjAlMjAlMjAlM0NhJTIwaHJlZiUzRCUyMmh0dHBzJTNBJTJGJTJGZmVsaXViZWxsYXBhcnQuY29tJTJGbm90aWNpYXMlMkYlMjIlMjB0aXRsZSUzRCUyMkJsb2clMjBkZSUyMG5vdGljaWFzJTIwZGUlMjBGZWxpdSUyMEJlbGxhcGFydCUyMiUyMGNsYXNzJTNEJTIyJTIwJTIyJTNFTm90aWNpYXMlM0MlMkZhJTNFJTBBJTIwJTIwJTIwJTIwJTNDJTJGbGklM0UlMEElM0MlMkZ1bCUzRQ==[\/vc_raw_html]<div class=\"clearboth\"><\/div><style>#thegem-divider-69d19dfdb015d {margin-top: 50px !important;}<\/style><div id=\"thegem-divider-69d19dfdb015d\" class=\"gem-divider  \" style=\"\" ><\/div>[\/vc_column][vc_column width=&#8220;1\/12&#8243; offset=&#8220;vc_col-xs-12&#8243;][\/vc_column][vc_column width=&#8220;7\/12&#8243; offset=&#8220;vc_col-xs-12&#8243; css=&#8220;.vc_custom_1755864284997{margin-top: 0px !important;padding-top: 0px !important;}&#8220;][vc_column_text css=&#8220;&#8220;]<\/p>\n<h1>Datenschutzerkl\u00e4rung<\/h1>\n<p>[\/vc_column_text]<style>.thegem-te-post-breadcrumbs.thegem-custom-69d19dfdb01e45903 .post-breadcrumbs {justify-content: left; text-align: left;}.thegem-te-post-breadcrumbs.thegem-custom-69d19dfdb01e45903 .post-breadcrumbs ul {justify-content: left; text-align: left;}.thegem-te-post-breadcrumbs.thegem-custom-69d19dfdb01e45903 .post-breadcrumbs ul li {color: #262627;}.thegem-te-post-breadcrumbs.thegem-custom-69d19dfdb01e45903 .post-breadcrumbs ul li a {color: #262627;}.thegem-te-post-breadcrumbs.thegem-custom-69d19dfdb01e45903 .post-breadcrumbs ul li a:hover {color: #6CC7E2;}.thegem-te-post-breadcrumbs.thegem-custom-69d19dfdb01e45903 .post-breadcrumbs ul li:last-child {color: #6CC7E2;}<\/style><div class=\"thegem-te-post-breadcrumbs thegem-custom-69d19dfdb01e45903\"> <div class=\"post-breadcrumbs\"><ul><li><a href=\"https:\/\/feliubellapart.com\/de\/\">Home<\/a><\/li><\/ul><!-- .breadcrumbs --><\/div> <\/div><div class=\"clearboth\"><\/div><style>#thegem-divider-69d19dfdb092b {margin-top: 50px !important;}<\/style><div id=\"thegem-divider-69d19dfdb092b\" class=\"gem-divider  \" style=\"\" ><\/div>[vc_row_inner][vc_column_inner width=&#8220;1\/2&#8243;][vc_column_text css=&#8220;&#8220;]\u00a1En cumplimiento de la Ley Org\u00e1nica 15\/1999, de 13 de diciembre, de Protecci\u00f3n de Datos de Car\u00e1cter Personal (LOPD) y la Ley 34\/2002, de 11 de julio, de Servicios de la Sociedad de la Informaci\u00f3n y de Comercio Electr\u00f3nico (LSSI-CE), FELIU BELLAPART ABOGADOS informa a los usuarios, que ha procedido a crear un perfil en las Redes Sociales Facebook, Tuenti, Twitter, Instagram, Flickr, Pinterest, Linkedin, Google + y Foursquare, con la finalidad principal de publicitar sus productos y servicios.<\/p>\n<h6>Datos de FELIU BELLAPART ABOGADOS:<\/h6>\n<p>00000000X<br \/>\nPaseo Mallorca 2, 1\u00ba 07012 Palma de Mallorca. Baleares, Espa\u00f1a.<br \/>\ninfo@feliubellapart.com<br \/>\nfeliubellapart.com<\/p>\n<p>El usuario dispone de un perfil en la misma Red Social y ha decidido unirse a la p\u00e1gina creada por FELIU BELLAPART ABOGADOS, mostrando as\u00ed inter\u00e9s en la informaci\u00f3n que se publicite en la Red. Al unirse a nuestra p\u00e1gina, nos facilita su consentimiento para el tratamiento de aquellos datos personales publicados en su perfil.<br \/>\nEl usuario puede acceder en todo momento a las pol\u00edticas de privacidad de la propia Red Social, as\u00ed como configurar su perfil para garantizar su privacidad.<\/p>\n<p>FELIU BELLAPART ABOGADOS tiene acceso y trata aquella informaci\u00f3n p\u00fablica del usuario, en especial, su nombre de contacto. Estos datos, s\u00f3lo son utilizados dentro de la propia Red Social. No son incorporados a ning\u00fan fichero.<\/p>\n<p>En relaci\u00f3n a los derechos de acceso, rectificaci\u00f3n, cancelaci\u00f3n y oposici\u00f3n, de los que usted dispone y que pueden ser ejercitados ante FELIU BELLAPART ABOGADOS, de acuerdo con la LOPD, debe tener en cuenta los siguientes matices:<\/p>\n<p>Acceso: Vendr\u00e1 definido por la funcionalidad de la Red Social y la capacidad de acceso a la informaci\u00f3n de los perfiles de los usuarios.<\/p>\n<p>ectificaci\u00f3n: S\u00f3lo podr\u00e1 satisfacerse en relaci\u00f3n a aquella informaci\u00f3n que se encuentre bajo el control de FELIU BELLAPART ABOGADOS, por ejemplo, eliminar comentarios publicados en la propia p\u00e1gina. Normalmente, este derecho deber\u00e1 ejercerlo ante la Red Social.<\/p>\n<p>Cancelaci\u00f3n y\/u Oposici\u00f3n: Como en el caso anterior, s\u00f3lo podr\u00e1 satisfacerse en relaci\u00f3n a aquella informaci\u00f3n que se encuentre bajo el control de FELIU BELLAPART ABOGADOS, por ejemplo, dejar de estar unido al perfil.<\/p>\n<h6>FELIU BELLAPART ABOGADOS realizar\u00e1 las siguientes actuaciones:<\/h6>\n<p>Acceso a la informaci\u00f3n p\u00fablica del perfil. Publicaci\u00f3n en el perfil del usuario de toda aquella informaci\u00f3n ya publicada en la p\u00e1gina de FELIU BELLAPART ABOGADOS. Enviar mensajes personales e individuales a trav\u00e9s de los canales de la Red Social. Actualizaciones del estado de la p\u00e1gina que se publicar\u00e1n en el perfil del usuario.<\/p>\n<p>El usuario siempre puede controlar sus conexiones, eliminar los contenidos que dejen de interesarle y restringir con qui\u00e9n comparte sus conexiones, para ello deber\u00e1 acceder a su configuraci\u00f3n de privacidad.<br \/>\nPublicaciones[\/vc_column_text][\/vc_column_inner][vc_column_inner width=&#8220;1\/2&#8243;][vc_column_text css=&#8220;&#8220;]El usuario, una vez unido a la p\u00e1gina de FELIU BELLAPART ABOGADOS, podr\u00e1 publicar en \u00e9sta \u00faltima comentarios, enlaces, im\u00e1genes o fotograf\u00edas o cualquier otro tipo de contenido multimedia soportado por la Red Social. El usuario, en todos los casos, debe ser el titular de los mismos, gozar de los derechos de autor y de propiedad intelectual o contar con el consentimiento de los terceros afectados. Se proh\u00edbe expresamente cualquier publicaci\u00f3n en la p\u00e1gina, ya sean textos, gr\u00e1ficos, fotograf\u00edas, v\u00eddeos, etc. que atenten o sean susceptibles de atentar contra la moral, la \u00e9tica, el buen gusto o el decoro, y\/o que infrinjan, violen o quebranten los derechos de propiedad intelectual o industrial, el derecho a la imagen o la Ley. En estos casos, FELIU BELLAPART ABOGADOS se reserva el derecho a retirar de inmediato el contenido, pudiendo solicitar el bloqueo permanente del usuario.<\/p>\n<p>FELIU BELLAPART ABOGADOS no se har\u00e1 responsable de los contenidos que libremente ha publicado un usuario.<\/p>\n<p>El usuario debe tener presente que sus publicaciones ser\u00e1n conocidas por los otros usuarios, por lo que \u00e9l mismo es el principal responsable de su privacidad.<\/p>\n<p>Las im\u00e1genes que puedan publicarse en la p\u00e1gina no ser\u00e1n almacenadas en ning\u00fan fichero por parte de FELIU BELLAPART ABOGADOS, pero s\u00ed que permanecer\u00e1n en la Red Social.<br \/>\nConcursos y promociones<\/p>\n<p>FELIU BELLAPART ABOGADOS se reserva el derecho a realizar concursos y promociones, en los que podr\u00e1 participar el usuario unido a su p\u00e1gina. Las bases de cada uno de ellos, cuando se utilice para ello la plataforma de la Red Social, ser\u00e1n publicadas en la misma. Cumpliendo siempre con la LSSI-CE y con cualquier otra norma que le sea de aplicaci\u00f3n.<\/p>\n<p>La Red Social no patrocina, avala ni administra, de modo alguno, ninguna de nuestras promociones, ni est\u00e1 asociada a ninguna de ellas.<br \/>\nPublicidad<\/p>\n<p>FELIU BELLAPART ABOGADOS utilizar\u00e1 la Red Social para publicitar sus productos y servicios, en todo caso, si decide tratar sus datos de contacto para realizar acciones directas de prospecci\u00f3n comercial, ser\u00e1 siempre, cumpliendo con las exigencias legales de la LOPD y de la LSSI-CE.<\/p>\n<p>No se considerar\u00e1 publicidad el hecho de recomendar a otros usuarios la p\u00e1gina de FELIU BELLAPART ABOGADOS para que tambi\u00e9n ellos puedan disfrutar de las promociones o estar informados de su actividad.<\/p>\n<p>A continuaci\u00f3n detallamos el enlace a la pol\u00edtica de privacidad de la Red Social:<\/p>\n<p>Facebook: https:\/\/www.facebook.com\/help\/323540651073243\/<\/p>\n<p>Tuenti: https:\/\/m.tuenti.com\/?m=corporate&amp;func=terms_of_use<\/p>\n<p>Twitter: https:\/\/twitter.com\/privacy<\/p>\n<p>Instagram: http:\/\/instagram.com\/about\/legal\/privacy\/<\/p>\n<p>Flickr: http:\/\/info.yahoo.com\/privacy\/es\/yahoo\/flickr\/<\/p>\n<p>Pinterest: http:\/\/es.about.pinterest.com\/terms\/<\/p>\n<p>Linkedin: http:\/\/www.linkedin.com\/legal\/privacy-policy?trk=hb_ft_priv<\/p>\n<p>Google +: http:\/\/www.google.com\/intl\/es\/policies\/privacy\/<\/p>\n<p>Foursquare: https:\/\/es.foursquare.com\/legal\/privacyacy[\/vc_column_text][\/vc_column_inner][\/vc_row_inner][\/vc_column][vc_column width=&#8220;1\/12&#8243; offset=&#8220;vc_col-xs-12&#8243;][\/vc_column][vc_column offset=&#8220;vc_col-xs-12&#8243;]<div class=\"clearboth\"><\/div><style>#thegem-divider-69d19dfdb0968 {margin-top: 50px !important;}<\/style><div id=\"thegem-divider-69d19dfdb0968\" class=\"gem-divider  \" style=\"\" ><\/div>[\/vc_column][\/vc_row]<\/p>\n<\/div>","protected":false},"excerpt":{"rendered":"<p>[vc_row full_width=&#8220;stretch_row_content&#8220; content_placement=&#8220;top&#8220; css=&#8220;.vc_custom_1755864331034{margin-top: 0px !important;margin-bottom: 0px !important;padding-top: 0px !important;padding-bottom: 0px !important;}&#8220; el_id=&#8220;header&#8220;][vc_column width=&#8220;1\/12&#8243; offset=&#8220;vc_col-xs-12&#8243;][\/vc_column][vc_column width=&#8220;1\/6&#8243; el_sticky=&#8220;1&#8243; flexbox_enabled=&#8220;&#8220; offset=&#8220;vc_col-xs-12&#8243; css=&#8220;.vc_custom_1755864447386{margin-top:&#8230;<\/p>\n","protected":false},"author":1,"featured_media":0,"parent":0,"menu_order":6,"comment_status":"closed","ping_status":"closed","template":"","meta":{"footnotes":""},"class_list":["post-56","page","type-page","status-publish"],"_links":{"self":[{"href":"https:\/\/feliubellapart.com\/de\/wp-json\/wp\/v2\/pages\/56","targetHints":{"allow":["GET"]}}],"collection":[{"href":"https:\/\/feliubellapart.com\/de\/wp-json\/wp\/v2\/pages"}],"about":[{"href":"https:\/\/feliubellapart.com\/de\/wp-json\/wp\/v2\/types\/page"}],"author":[{"embeddable":true,"href":"https:\/\/feliubellapart.com\/de\/wp-json\/wp\/v2\/users\/1"}],"replies":[{"embeddable":true,"href":"https:\/\/feliubellapart.com\/de\/wp-json\/wp\/v2\/comments?post=56"}],"version-history":[{"count":11,"href":"https:\/\/feliubellapart.com\/de\/wp-json\/wp\/v2\/pages\/56\/revisions"}],"predecessor-version":[{"id":4840,"href":"https:\/\/feliubellapart.com\/de\/wp-json\/wp\/v2\/pages\/56\/revisions\/4840"}],"wp:attachment":[{"href":"https:\/\/feliubellapart.com\/de\/wp-json\/wp\/v2\/media?parent=56"}],"curies":[{"name":"wp","href":"https:\/\/api.w.org\/{rel}","templated":true}]}}