{"id":4817,"date":"2025-08-26T18:33:40","date_gmt":"2025-08-26T16:33:40","guid":{"rendered":"https:\/\/feliubellapart.com\/aviso-legal\/"},"modified":"2025-12-15T19:31:15","modified_gmt":"2025-12-15T18:31:15","slug":"legal-notice","status":"publish","type":"page","link":"https:\/\/feliubellapart.com\/en\/legal-notice\/","title":{"rendered":"Legal Notice"},"content":{"rendered":"<div class=\"wpb-content-wrapper\"><p>[vc_row full_width=&#8221;stretch_row_content&#8221; content_placement=&#8221;top&#8221; css=&#8221;.vc_custom_1755864331034{margin-top: 0px !important;margin-bottom: 0px !important;padding-top: 0px !important;padding-bottom: 0px !important;}&#8221; el_id=&#8221;header&#8221;][vc_column width=&#8221;1\/12&#8243; offset=&#8221;vc_col-xs-12&#8243;][\/vc_column][vc_column width=&#8221;1\/6&#8243; el_sticky=&#8221;1&#8243; flexbox_enabled=&#8221;&#8221; offset=&#8221;vc_col-xs-12&#8243; css=&#8221;.vc_custom_1755864447386{margin-top: 0px !important;padding-top: 0px !important;}&#8221; el_sticky_offset=&#8221;60&#8243;][vc_raw_html css=&#8221;.vc_custom_1765823472796{margin-top: -10px !important;padding-top: 0px !important;}&#8221; el_id=&#8221;header&#8221;]JTNDdWwlMjBpZCUzRCUyMmhlYWRlciUyMiUyMGNsYXNzJTNEJTIyc3R5bGVkJTIyJTNFJTBBJTIwJTIwJTIwJTIwJTIwJTNDbGklMjBpZCUzRCUyMm1lbnUtaXRlbS0xMTMlMjIlMjBjbGFzcyUzRCUyMm1lbnUtaXRlbSUyMG1lbnUtaXRlbS10eXBlLXBvc3RfdHlwZSUyMG1lbnUtaXRlbS1vYmplY3QtcGFnZSUyMG1lbnUtaXRlbS0xMTMlMjBtZWdhbWVudS10ZW1wbGF0ZS1lbmFibGUlMjIlMjBkYXRhLXRlbXBsYXRlJTNEJTIyJTIyJTNFJTBBJTIwJTIwJTIwJTIwJTIwJTIwJTIwJTIwJTNDYSUyMGhyZWYlM0QlMjJodHRwcyUzQSUyRiUyRmZlbGl1YmVsbGFwYXJ0LmNvbSUyRmVuJTJGaG9tZSUyRiUyMiUyMHRpdGxlJTNEJTIyRmVsaXUlMjBCZWxsYXBhcnQlMkMlMjBMYXd5ZXJzJTIwaW4lMjBNYWxsb3JjYSUyMiUyMGNsYXNzJTNEJTIyJTIwJTIyJTNFSG9tZSUzQyUyRmElM0UlMEElMjAlMjAlMjAlMjAlM0MlMkZsaSUzRSUwQSUyMCUyMCUyMCUyMCUzQ2xpJTIwaWQlM0QlMjJtZW51LWl0ZW0tMTE2JTIyJTIwY2xhc3MlM0QlMjJtZW51LWl0ZW0lMjBtZW51LWl0ZW0tdHlwZS1wb3N0X3R5cGUlMjBtZW51LWl0ZW0tb2JqZWN0LXBhZ2UlMjBtZW51LWl0ZW0tMTE2JTIyJTNFJTBBJTIwJTIwJTIwJTIwJTIwJTIwJTIwJTIwJTNDYSUyMGhyZWYlM0QlMjJodHRwcyUzQSUyRiUyRmZlbGl1YmVsbGFwYXJ0LmNvbSUyRmVuJTJGYWJvdXQtdXMlMkYlMjIlMjB0aXRsZSUzRCUyMkZlbGl1JTIwQmVsbGFwYXJ0JTIwTGF3eWVycyUyMFRlYW0lMjIlMjBjbGFzcyUzRCUyMiUyMCUyMiUzRUFib3V0JTIwdXMlM0MlMkZhJTNFJTBBJTIwJTIwJTIwJTIwJTNDJTJGbGklM0UlMEElMjAlMjAlMjAlMjAlM0NsaSUyMGNsYXNzJTNEJTIybWVudS1pdGVtJTIwbWVudS1pdGVtLXR5cGUtcG9zdF90eXBlJTIwbWVudS1pdGVtLW9iamVjdC1wYWdlJTIwY3VycmVudC1tZW51LWl0ZW0lMjBwYWdlX2l0ZW0lMjBwYWdlLWl0ZW0tMTAwJTIwY3VycmVudF9wYWdlX2l0ZW0lMjBtZW51LWl0ZW0tMTE3JTIyJTNFJTBBJTIwJTIwJTIwJTIwJTIwJTIwJTIwJTIwJTNDYSUyMGhyZWYlM0QlMjJodHRwcyUzQSUyRiUyRmZlbGl1YmVsbGFwYXJ0LmNvbSUyRmVuJTJGcHJhY3RpY2UtYXJlYXMlMkYlMjIlMjB0aXRsZSUzRCUyMlByYWN0aWNlJTIwQXJlYXMlMjBvZiUyMEZlbGl1JTIwQmVsbGFwYXJ0JTIyJTIwY2xhc3MlM0QlMjIlMjAlMjIlM0VQcmFjdGljZSUyMEFyZWFzJTNDJTJGYSUzRSUwQSUyMCUyMCUyMCUyMCUzQyUyRmxpJTNFJTBBJTIwJTIwJTIwJTIwJTNDbGklMjBpZCUzRCUyMm1lbnUtaXRlbS0xMTUlMjIlMjBjbGFzcyUzRCUyMm1lbnUtaXRlbSUyMG1lbnUtaXRlbS10eXBlLXBvc3RfdHlwZSUyMG1lbnUtaXRlbS1vYmplY3QtcGFnZSUyMG1lbnUtaXRlbS0xMTUlMjIlM0UlMEElMjAlMjAlMjAlMjAlMjAlMjAlMjAlMjAlM0NhJTIwaHJlZiUzRCUyMmh0dHBzJTNBJTJGJTJGZmVsaXViZWxsYXBhcnQuY29tJTJGZW4lMkZib3V0aXF1ZS1sZWdhbC1zZXJ2aWNlcyUyRiUyMiUyMHRpdGxlJTNEJTIyQm91dGlxdWUlMjBMZWdhbCUyMFNlcnZpY2VzJTIwb2YlMjBGZWxpdSUyMEJlbGxhcGFydCUyMiUyMGNsYXNzJTNEJTIyJTIwJTIyJTNFQm91dGlxdWUlMjBTZXJ2aWNlcyUzQyUyRmElM0UlMEElMjAlMjAlMjAlMjAlM0MlMkZsaSUzRSUwQSUyMCUyMCUyMCUyMCUzQ2xpJTIwaWQlM0QlMjJtZW51LWl0ZW0tMTE0JTIyJTIwY2xhc3MlM0QlMjJtZW51LWl0ZW0lMjBtZW51LWl0ZW0tdHlwZS1wb3N0X3R5cGUlMjBtZW51LWl0ZW0tb2JqZWN0LXBhZ2UlMjBtZW51LWl0ZW0tMTE0JTIyJTNFJTBBJTIwJTIwJTIwJTIwJTIwJTIwJTIwJTIwJTNDYSUyMGhyZWYlM0QlMjJodHRwcyUzQSUyRiUyRmZlbGl1YmVsbGFwYXJ0LmNvbSUyRmVuJTJGbmV3cyUyRiUyMiUyMHRpdGxlJTNEJTIyRmVsaXUlMjBCZWxsYXBhcnQlMjBMYXd5ZXJzJTIwTmV3cyUyMEJsb2clMjIlMjBjbGFzcyUzRCUyMiUyMCUyMiUzRU5ld3MlM0MlMkZhJTNFJTBBJTIwJTIwJTIwJTIwJTNDJTJGbGklM0UlMEElM0MlMkZ1bCUzRQ==[\/vc_raw_html]<div class=\"clearboth\"><\/div><style>#thegem-divider-69d24bca0d0bd {margin-top: 50px !important;}<\/style><div id=\"thegem-divider-69d24bca0d0bd\" class=\"gem-divider  \" style=\"\" ><\/div>[\/vc_column][vc_column width=&#8221;1\/12&#8243; offset=&#8221;vc_col-xs-12&#8243;][\/vc_column][vc_column width=&#8221;7\/12&#8243; offset=&#8221;vc_col-xs-12&#8243; css=&#8221;.vc_custom_1755864284997{margin-top: 0px !important;padding-top: 0px !important;}&#8221;][vc_column_text css=&#8221;&#8221;]<\/p>\n<h1>Legal Notice<\/h1>\n<p>[\/vc_column_text]<style>.thegem-te-post-breadcrumbs.thegem-custom-69d24bca0d1643898 .post-breadcrumbs {justify-content: left; text-align: left;}.thegem-te-post-breadcrumbs.thegem-custom-69d24bca0d1643898 .post-breadcrumbs ul {justify-content: left; text-align: left;}.thegem-te-post-breadcrumbs.thegem-custom-69d24bca0d1643898 .post-breadcrumbs ul li {color: #262627;}.thegem-te-post-breadcrumbs.thegem-custom-69d24bca0d1643898 .post-breadcrumbs ul li a {color: #262627;}.thegem-te-post-breadcrumbs.thegem-custom-69d24bca0d1643898 .post-breadcrumbs ul li a:hover {color: #6CC7E2;}.thegem-te-post-breadcrumbs.thegem-custom-69d24bca0d1643898 .post-breadcrumbs ul li:last-child {color: #6CC7E2;}<\/style><div class=\"thegem-te-post-breadcrumbs thegem-custom-69d24bca0d1643898\"> <div class=\"post-breadcrumbs\"><ul><li><a href=\"https:\/\/feliubellapart.com\/en\/\">Home<\/a><\/li><\/ul><!-- .breadcrumbs --><\/div> <\/div><div class=\"clearboth\"><\/div><style>#thegem-divider-69d24bca0da06 {margin-top: 50px !important;}<\/style><div id=\"thegem-divider-69d24bca0da06\" class=\"gem-divider  \" style=\"\" ><\/div>[vc_row_inner][vc_column_inner width=&#8221;1\/2&#8243;][vc_column_text css=&#8221;&#8221;]En cumplimiento de la Ley 34\/2002, de 11 de julio, de Servicios de la Sociedad de la Informaci\u00f3n y de Comercio Electr\u00f3nico (LSSI-CE), FELIU BELLAPART ABOGADOS informa que es titular del sitio web feliubellapart.com. De acuerdo con la exigencia del art\u00edculo 10 de la citada Ley, FELIU BELLAPART ABOGADOS informa de los siguientes datos:<\/p>\n<p>El titular de este sitio web es FELIU BELLAPART ABOGADOS, con DNI 00000000X y domicilio social en Paseo Mallorca 2, 1\u00ba 07012 Palma de Mallorca. Baleares, Espa\u00f1a. La direcci\u00f3n de correo electr\u00f3nico de contacto con la empresa es: info@feliubellapart.com.<\/p>\n<h6>USUARIO Y R\u00c9GIMEN DE RESPONSABILIDADES<\/h6>\n<p>La navegaci\u00f3n, acceso y uso por el sitio web de FELIU BELLAPART ABOGADOS confiere la condici\u00f3n de usuario, por la que se aceptan, desde la navegaci\u00f3n por el sitio web de FELIU BELLAPART ABOGADOS, todas las condiciones de uso aqu\u00ed establecidas sin perjuicio de la aplicaci\u00f3n de la correspondiente normativa de obligado cumplimiento legal seg\u00fan el caso.<\/p>\n<p>El sitio web de FELIU BELLAPART ABOGADOS proporciona gran diversidad de informaci\u00f3n, servicios y datos. El usuario asume su responsabilidad en el uso correcto del sitio web. Esta responsabilidad se extender\u00e1 a:<\/p>\n<p>\u2013 La veracidad y licitud de las informaciones aportadas por el usuario en los formularios extendidos por FELIU BELLAPART ABOGADOS para el acceso a ciertos contenidos o servicios ofrecidos por el web.<\/p>\n<p>\u2013 El uso de la informaci\u00f3n, servicios y datos ofrecidos por FELIU BELLAPART ABOGADOS contrariamente a lo dispuesto por las presentes condiciones, la Ley, la moral, las buenas costumbres o el orden p\u00fablico, o que de cualquier otro modo puedan suponer lesi\u00f3n de los derechos de terceros o del mismo funcionamiento del sitio web.<\/p>\n<h6>POL\u00cdTICA DE ENLACES Y EXENCIONES DE RESPONSABILIDAD<\/h6>\n<p>FELIU BELLAPART ABOGADOS no se hace responsable del contenido de los sitios web a los que el usuario pueda acceder a trav\u00e9s de los enlaces establecidos en su sitio web y declara que en ning\u00fan caso proceder\u00e1 a examinar o ejercitar ning\u00fan tipo de control sobre el contenido de otros sitios de la red. Asimismo, tampoco garantizar\u00e1 la disponibilidad t\u00e9cnica, exactitud, veracidad, validez o legalidad de sitios ajenos a su propiedad a los que se pueda acceder por medio de los enlaces.<\/p>\n<p>FELIU BELLAPART ABOGADOS declara haber adoptado todas las medidas necesarias para evitar cualquier da\u00f1o a los usuarios de su sitio web, que pudieran derivarse de la navegaci\u00f3n por su sitio web. En consecuencia, FELIU BELLAPART ABOGADOS no se hace responsable, en ning\u00fan caso, de los eventuales da\u00f1os que por la navegaci\u00f3n por Internet pudiera sufrir el usuario.<\/p>\n<h6>MODIFICACIONES<\/h6>\n<p>FELIU BELLAPART ABOGADOS se reserva el derecho a realizar las modificaciones que considere oportunas, sin aviso previo, en el contenido de su sitio web. Tanto en lo referente a los contenidos del sitio web, como en las condiciones de uso del mismo. Dichas modificaciones podr\u00e1n realizarse a trav\u00e9s de su sitio web por cualquier forma admisible en derecho y ser\u00e1n de obligado cumplimiento durante el tiempo en que se encuentren publicadas en la web y hasta que no sean modificadas v\u00e1lidamente por otras posteriores.[\/vc_column_text][\/vc_column_inner][vc_column_inner width=&#8221;1\/2&#8243;][vc_column_text css=&#8221;&#8221;]<\/p>\n<h6>PROTECCI\u00d3N DE DATOS<\/h6>\n<p>De conformidad con lo que establece la Ley Org\u00e1nica 15\/1999 de Protecci\u00f3n de Datos de Car\u00e1cter Personal (LOPD), FELIU BELLAPART ABOGADOS informa a los usuarios de su sitio web que los datos personales recabados por la empresa, mediante los formularios sitos en sus p\u00e1ginas, ser\u00e1n introducidos en un fichero automatizado bajo la responsabilidad de FELIU BELLAPART ABOGADOS, con la finalidad de poder facilitar, agilizar y cumplir los compromisos establecidos entre ambas partes.<\/p>\n<p>Asimismo, FELIU BELLAPART ABOGADOS informa de la posibilidad de ejercer los derechos de acceso, rectificaci\u00f3n, cancelaci\u00f3n y oposici\u00f3n mediante un escrito a la direcci\u00f3n: Carrer sant Alonso 22, 3b. 07141 Pont d\u2019Inca, Marratx\u00ed.<br \/>\nMientras el usuario no comunique lo contrario a FELIU BELLAPART ABOGADOS, \u00e9sta entender\u00e1 que sus datos no han sido modificados, que el usuario se compromete a notificar a FELIU BELLAPART ABOGADOS cualquier variaci\u00f3n y que FELIU BELLAPART ABOGADOS tiene el consentimiento para utilizarlos a fin de poder fidelizar la relaci\u00f3n entre las partes.<\/p>\n<h6>PROPIEDAD INTELECTUAL E INDUSTRIAL<\/h6>\n<p>FELIU BELLAPART ABOGADOS por s\u00ed misma o como cesionaria, es titular de todos los derechos de propiedad intelectual e industrial de su p\u00e1gina web, as\u00ed como de los elementos contenidos en la misma (a t\u00edtulo enunciativo, im\u00e1genes, sonido, audio, v\u00eddeo, software o textos; marcas o logotipos, combinaciones de colores, estructura y dise\u00f1o, selecci\u00f3n de materiales usados, programas de ordenador necesarios para su funcionamiento, acceso y uso, etc.), titularidad de FELIU BELLAPART ABOGADOS. Ser\u00e1n, por consiguiente, obras protegidas como propiedad intelectual por el ordenamiento jur\u00eddico espa\u00f1ol, si\u00e9ndoles aplicables tanto la normativa espa\u00f1ola y comunitaria en este campo, como los tratados internacionales relativos a la materia y suscritos por Espa\u00f1a.<\/p>\n<p>Todos los derechos reservados. En virtud de lo dispuesto en los art\u00edculos 8 y 32.1, p\u00e1rrafo segundo, de la Ley de Propiedad Intelectual, quedan expresamente prohibidas la reproducci\u00f3n, la distribuci\u00f3n y la comunicaci\u00f3n p\u00fablica, incluida su modalidad de puesta a disposici\u00f3n, de la totalidad o parte de los contenidos de esta p\u00e1gina web, con fines comerciales, en cualquier soporte y por cualquier medio t\u00e9cnico, sin la autorizaci\u00f3n de FELIU BELLAPART ABOGADOS.<\/p>\n<p>El usuario se compromete a respetar los derechos de Propiedad Intelectual e Industrial titularidad de FELIU BELLAPART ABOGADOS. Podr\u00e1 visualizar los elementos del portal e incluso imprimirlos, copiarlos y almacenarlos en el disco duro de su ordenador o en cualquier otro soporte f\u00edsico siempre y cuando sea, \u00fanica y exclusivamente, para su uso personal y privado. El usuario deber\u00e1 abstenerse de suprimir, alterar, eludir o manipular cualquier dispositivo de protecci\u00f3n o sistema de seguridad que estuviera instalado en las p\u00e1ginas de FELIU BELLAPART ABOGADOS.<br \/>\nACCIONES LEGALES, LEGISLACI\u00d3N APLICABLE Y JURISDICCI\u00d3N<\/p>\n<p>FELIU BELLAPART ABOGADOS se reserva, asimismo, la facultad de presentar las acciones civiles o penales que considere oportunas por la utilizaci\u00f3n indebida de su sitio web y contenidos, o por el incumplimiento de las presentes condiciones.<\/p>\n<p>La relaci\u00f3n entre el usuario y el prestador se regir\u00e1 por la normativa vigente y de aplicaci\u00f3n en el territorio espa\u00f1ol. De surgir cualquier controversia las partes podr\u00e1n someter sus conflictos a arbitraje o acudir a la jurisdicci\u00f3n ordinaria cumpliendo con las normas sobre jurisdicci\u00f3n y competencia al respecto. FELIU BELLAPART ABOGADOS tiene su domicilio en ILLES BALEARS, Espa\u00f1a.[\/vc_column_text][\/vc_column_inner][\/vc_row_inner][\/vc_column][vc_column width=&#8221;1\/12&#8243; offset=&#8221;vc_col-xs-12&#8243;][\/vc_column][vc_column offset=&#8221;vc_col-xs-12&#8243;]<div class=\"clearboth\"><\/div><style>#thegem-divider-69d24bca0da4a {margin-top: 50px !important;}<\/style><div id=\"thegem-divider-69d24bca0da4a\" class=\"gem-divider  \" style=\"\" ><\/div>[\/vc_column][\/vc_row]<\/p>\n<\/div>","protected":false},"excerpt":{"rendered":"<p>[vc_row full_width=&#8221;stretch_row_content&#8221; content_placement=&#8221;top&#8221; css=&#8221;.vc_custom_1755864331034{margin-top: 0px !important;margin-bottom: 0px !important;padding-top: 0px !important;padding-bottom: 0px !important;}&#8221; el_id=&#8221;header&#8221;][vc_column width=&#8221;1\/12&#8243; offset=&#8221;vc_col-xs-12&#8243;][\/vc_column][vc_column width=&#8221;1\/6&#8243; el_sticky=&#8221;1&#8243; flexbox_enabled=&#8221;&#8221; offset=&#8221;vc_col-xs-12&#8243; css=&#8221;.vc_custom_1755864447386{margin-top:&#8230;<\/p>\n","protected":false},"author":1,"featured_media":0,"parent":0,"menu_order":7,"comment_status":"closed","ping_status":"closed","template":"","meta":{"footnotes":""},"class_list":["post-4817","page","type-page","status-publish"],"_links":{"self":[{"href":"https:\/\/feliubellapart.com\/en\/wp-json\/wp\/v2\/pages\/4817","targetHints":{"allow":["GET"]}}],"collection":[{"href":"https:\/\/feliubellapart.com\/en\/wp-json\/wp\/v2\/pages"}],"about":[{"href":"https:\/\/feliubellapart.com\/en\/wp-json\/wp\/v2\/types\/page"}],"author":[{"embeddable":true,"href":"https:\/\/feliubellapart.com\/en\/wp-json\/wp\/v2\/users\/1"}],"replies":[{"embeddable":true,"href":"https:\/\/feliubellapart.com\/en\/wp-json\/wp\/v2\/comments?post=4817"}],"version-history":[{"count":4,"href":"https:\/\/feliubellapart.com\/en\/wp-json\/wp\/v2\/pages\/4817\/revisions"}],"predecessor-version":[{"id":4894,"href":"https:\/\/feliubellapart.com\/en\/wp-json\/wp\/v2\/pages\/4817\/revisions\/4894"}],"wp:attachment":[{"href":"https:\/\/feliubellapart.com\/en\/wp-json\/wp\/v2\/media?parent=4817"}],"curies":[{"name":"wp","href":"https:\/\/api.w.org\/{rel}","templated":true}]}}